{"id":45,"date":"2024-11-20T15:09:44","date_gmt":"2024-11-20T15:09:44","guid":{"rendered":"https:\/\/paffia.com.tr\/garden\/?page_id=45"},"modified":"2026-01-08T15:04:01","modified_gmt":"2026-01-08T12:04:01","slug":"contact","status":"publish","type":"page","link":"https:\/\/paffia.com.tr\/garden\/en\/contact\/","title":{"rendered":"Communication"},"content":{"rendered":"<div data-elementor-type=\"wp-page\" data-elementor-id=\"45\" class=\"elementor elementor-45\">\n\t\t\t\t<div class=\"elementor-element elementor-element-73a4c37 e-flex e-con-boxed e-con e-parent\" data-id=\"73a4c37\" data-element_type=\"container\">\n\t\t\t\t\t<div class=\"e-con-inner\">\n\t\t<div class=\"elementor-element elementor-element-05ea7c0 e-con-full e-flex e-con e-child\" data-id=\"05ea7c0\" data-element_type=\"container\" data-settings=\"{&quot;background_background&quot;:&quot;classic&quot;}\">\n\t\t\t\t<div class=\"elementor-element elementor-element-377b2d7 elementor-widget elementor-widget-spacer\" data-id=\"377b2d7\" data-element_type=\"widget\" data-widget_type=\"spacer.default\">\n\t\t\t\t\t\t\t<div class=\"elementor-spacer\">\n\t\t\t<div class=\"elementor-spacer-inner\"><\/div>\n\t\t<\/div>\n\t\t\t\t\t\t<\/div>\n\t\t\t\t<div class=\"elementor-element elementor-element-2432302 elementor-widget elementor-widget-heading\" data-id=\"2432302\" data-element_type=\"widget\" data-widget_type=\"heading.default\">\n\t\t\t\t\t<h6 class=\"elementor-heading-title elementor-size-default\">CONTACT<\/h6>\t\t\t\t<\/div>\n\t\t\t\t<div class=\"elementor-element elementor-element-9a06c91 elementor-widget elementor-widget-spacer\" data-id=\"9a06c91\" data-element_type=\"widget\" data-widget_type=\"spacer.default\">\n\t\t\t\t\t\t\t<div class=\"elementor-spacer\">\n\t\t\t<div class=\"elementor-spacer-inner\"><\/div>\n\t\t<\/div>\n\t\t\t\t\t\t<\/div>\n\t\t\t\t<div class=\"elementor-element elementor-element-b38fda1 elementor-widget elementor-widget-text-editor\" data-id=\"b38fda1\" data-element_type=\"widget\" data-widget_type=\"text-editor.default\">\n\t\t\t\t\t\t\t\t\t<p><strong><span class=\"fontsninja-font\" data-ninja-font=\"sora_bold_normal_u29yy\">Whatever you're curious about<\/span><\/strong><\/p><p><strong><br \/><span style=\"color: #ff9900;\">WE ARE HERE TO HELP!<\/span><\/strong><\/p>\t\t\t\t\t\t\t\t<\/div>\n\t\t\t\t<div class=\"elementor-element elementor-element-b144e53 elementor-widget elementor-widget-spacer\" data-id=\"b144e53\" data-element_type=\"widget\" data-widget_type=\"spacer.default\">\n\t\t\t\t\t\t\t<div class=\"elementor-spacer\">\n\t\t\t<div class=\"elementor-spacer-inner\"><\/div>\n\t\t<\/div>\n\t\t\t\t\t\t<\/div>\n\t\t<div class=\"elementor-element elementor-element-601264c e-con-full e-flex e-con e-child\" data-id=\"601264c\" data-element_type=\"container\">\n\t\t<div class=\"elementor-element elementor-element-eec98c7 e-con-full e-flex elementor-invisible e-con e-child\" data-id=\"eec98c7\" data-element_type=\"container\" data-settings=\"{&quot;background_background&quot;:&quot;classic&quot;,&quot;animation&quot;:&quot;fadeIn&quot;}\">\n\t\t\t\t<div class=\"elementor-element elementor-element-ed1adac elementor-widget elementor-widget-heading\" data-id=\"ed1adac\" data-element_type=\"widget\" data-widget_type=\"heading.default\">\n\t\t\t\t\t<h2 class=\"elementor-heading-title elementor-size-default\">Support Center\n<\/h2>\t\t\t\t<\/div>\n\t\t\t\t<div class=\"elementor-element elementor-element-5921c6b elementor-widget-divider--view-line elementor-widget elementor-widget-divider\" data-id=\"5921c6b\" data-element_type=\"widget\" data-widget_type=\"divider.default\">\n\t\t\t\t\t\t\t<div class=\"elementor-divider\">\n\t\t\t<span class=\"elementor-divider-separator\">\n\t\t\t\t\t\t<\/span>\n\t\t<\/div>\n\t\t\t\t\t\t<\/div>\n\t\t\t\t<div class=\"elementor-element elementor-element-a85c443 elementor-widget elementor-widget-heading\" data-id=\"a85c443\" data-element_type=\"widget\" data-widget_type=\"heading.default\">\n\t\t\t\t\t<h3 class=\"elementor-heading-title elementor-size-default\"><a href=\"tel:+90352322%2025%2022\">+90 (352) 322 25 22<\/a><\/h3>\t\t\t\t<\/div>\n\t\t\t\t<div class=\"elementor-element elementor-element-494da77 elementor-widget elementor-widget-heading\" data-id=\"494da77\" data-element_type=\"widget\" data-widget_type=\"heading.default\">\n\t\t\t\t\t<h3 class=\"elementor-heading-title elementor-size-default\"><a href=\"mailto:info@paffia.com.tr\">info@paffia.com.tr<\/a><\/h3>\t\t\t\t<\/div>\n\t\t\t\t<\/div>\n\t\t<div class=\"elementor-element elementor-element-adfbcc9 e-con-full e-flex elementor-invisible e-con e-child\" data-id=\"adfbcc9\" data-element_type=\"container\" data-settings=\"{&quot;background_background&quot;:&quot;classic&quot;,&quot;animation&quot;:&quot;fadeIn&quot;}\">\n\t\t\t\t<div class=\"elementor-element elementor-element-c82f845 elementor-widget elementor-widget-heading\" data-id=\"c82f845\" data-element_type=\"widget\" data-widget_type=\"heading.default\">\n\t\t\t\t\t<h2 class=\"elementor-heading-title elementor-size-default\">Our locations\n<\/h2>\t\t\t\t<\/div>\n\t\t\t\t<div class=\"elementor-element elementor-element-73880e2 elementor-widget-divider--view-line elementor-widget elementor-widget-divider\" data-id=\"73880e2\" data-element_type=\"widget\" data-widget_type=\"divider.default\">\n\t\t\t\t\t\t\t<div class=\"elementor-divider\">\n\t\t\t<span class=\"elementor-divider-separator\">\n\t\t\t\t\t\t<\/span>\n\t\t<\/div>\n\t\t\t\t\t\t<\/div>\n\t\t<div class=\"elementor-element elementor-element-2e22912 e-con-full e-flex e-con e-child\" data-id=\"2e22912\" data-element_type=\"container\">\n\t\t\t\t<div class=\"elementor-element elementor-element-dd1e270 elementor-view-default elementor-widget elementor-widget-icon\" data-id=\"dd1e270\" data-element_type=\"widget\" data-widget_type=\"icon.default\">\n\t\t\t\t\t\t\t<div class=\"elementor-icon-wrapper\">\n\t\t\t<div class=\"elementor-icon\">\n\t\t\t<svg aria-hidden=\"true\" class=\"e-font-icon-svg e-fas-map-marker-alt\" viewbox=\"0 0 384 512\" xmlns=\"http:\/\/www.w3.org\/2000\/svg\"><path d=\"M172.268 501.67C26.97 291.031 0 269.413 0 192 0 85.961 85.961 0 192 0s192 85.961 192 192c0 77.413-26.97 99.031-172.268 309.67-9.535 13.774-29.93 13.773-39.464 0zM192 272c44.183 0 80-35.817 80-80s-35.817-80-80-80-80 35.817-80 80 35.817 80 80 80z\"><\/path><\/svg>\t\t\t<\/div>\n\t\t<\/div>\n\t\t\t\t\t\t<\/div>\n\t\t<div class=\"elementor-element elementor-element-0e377bf e-con-full e-flex e-con e-child\" data-id=\"0e377bf\" data-element_type=\"container\">\n\t\t\t\t<div class=\"elementor-element elementor-element-0736a3a elementor-widget elementor-widget-heading\" data-id=\"0736a3a\" data-element_type=\"widget\" data-widget_type=\"heading.default\">\n\t\t\t\t\t<h4 class=\"elementor-heading-title elementor-size-default\">Sleep Products Manufacturing Facility - Headquarters<\/h4>\t\t\t\t<\/div>\n\t\t\t\t<div class=\"elementor-element elementor-element-65f61ed elementor-widget elementor-widget-text-editor\" data-id=\"65f61ed\" data-element_type=\"widget\" data-widget_type=\"text-editor.default\">\n\t\t\t\t\t\t\t\t\t<p>Organized Industrial Zone, 20th Street, No. 58, Karpuzsekisi Neighborhood.<br \/>Hac\u0131lar \/ KAYSER\u0130 \u2013 TURKEY<\/p>\t\t\t\t\t\t\t\t<\/div>\n\t\t\t\t<\/div>\n\t\t\t\t<\/div>\n\t\t<div class=\"elementor-element elementor-element-f117992 e-con-full e-flex e-con e-child\" data-id=\"f117992\" data-element_type=\"container\">\n\t\t\t\t<div class=\"elementor-element elementor-element-1168c50 elementor-view-default elementor-widget elementor-widget-icon\" data-id=\"1168c50\" data-element_type=\"widget\" data-widget_type=\"icon.default\">\n\t\t\t\t\t\t\t<div class=\"elementor-icon-wrapper\">\n\t\t\t<div class=\"elementor-icon\">\n\t\t\t<svg aria-hidden=\"true\" class=\"e-font-icon-svg e-fas-map-marker-alt\" viewbox=\"0 0 384 512\" xmlns=\"http:\/\/www.w3.org\/2000\/svg\"><path d=\"M172.268 501.67C26.97 291.031 0 269.413 0 192 0 85.961 85.961 0 192 0s192 85.961 192 192c0 77.413-26.97 99.031-172.268 309.67-9.535 13.774-29.93 13.773-39.464 0zM192 272c44.183 0 80-35.817 80-80s-35.817-80-80-80-80 35.817-80 80 35.817 80 80 80z\"><\/path><\/svg>\t\t\t<\/div>\n\t\t<\/div>\n\t\t\t\t\t\t<\/div>\n\t\t<div class=\"elementor-element elementor-element-9e2cecf e-con-full e-flex e-con e-child\" data-id=\"9e2cecf\" data-element_type=\"container\">\n\t\t\t\t<div class=\"elementor-element elementor-element-11ab273 elementor-widget elementor-widget-heading\" data-id=\"11ab273\" data-element_type=\"widget\" data-widget_type=\"heading.default\">\n\t\t\t\t\t<h4 class=\"elementor-heading-title elementor-size-default\">Garden Products Production Facility<\/h4>\t\t\t\t<\/div>\n\t\t\t\t<div class=\"elementor-element elementor-element-f78be0f elementor-widget elementor-widget-text-editor\" data-id=\"f78be0f\" data-element_type=\"widget\" data-widget_type=\"text-editor.default\">\n\t\t\t\t\t\t\t\t\t<p>Industrial Zone, 24th Street, No. 1<br \/>Melikgazi \/ KAYSER\u0130 \u2013 TURKEY<\/p>\t\t\t\t\t\t\t\t<\/div>\n\t\t\t\t<\/div>\n\t\t\t\t<\/div>\n\t\t<div class=\"elementor-element elementor-element-4a4b155 e-con-full e-flex e-con e-child\" data-id=\"4a4b155\" data-element_type=\"container\">\n\t\t\t\t<div class=\"elementor-element elementor-element-a365923 elementor-view-default elementor-widget elementor-widget-icon\" data-id=\"a365923\" data-element_type=\"widget\" data-widget_type=\"icon.default\">\n\t\t\t\t\t\t\t<div class=\"elementor-icon-wrapper\">\n\t\t\t<div class=\"elementor-icon\">\n\t\t\t<svg aria-hidden=\"true\" class=\"e-font-icon-svg e-fas-map-marker-alt\" viewbox=\"0 0 384 512\" xmlns=\"http:\/\/www.w3.org\/2000\/svg\"><path d=\"M172.268 501.67C26.97 291.031 0 269.413 0 192 0 85.961 85.961 0 192 0s192 85.961 192 192c0 77.413-26.97 99.031-172.268 309.67-9.535 13.774-29.93 13.773-39.464 0zM192 272c44.183 0 80-35.817 80-80s-35.817-80-80-80-80 35.817-80 80 35.817 80 80 80z\"><\/path><\/svg>\t\t\t<\/div>\n\t\t<\/div>\n\t\t\t\t\t\t<\/div>\n\t\t<div class=\"elementor-element elementor-element-0fa62fc e-con-full e-flex e-con e-child\" data-id=\"0fa62fc\" data-element_type=\"container\">\n\t\t\t\t<div class=\"elementor-element elementor-element-69f76f8 elementor-widget elementor-widget-heading\" data-id=\"69f76f8\" data-element_type=\"widget\" data-widget_type=\"heading.default\">\n\t\t\t\t\t<h4 class=\"elementor-heading-title elementor-size-default\">Our Working Hours<\/h4>\t\t\t\t<\/div>\n\t\t\t\t<div class=\"elementor-element elementor-element-9432dbe elementor-widget elementor-widget-text-editor\" data-id=\"9432dbe\" data-element_type=\"widget\" data-widget_type=\"text-editor.default\">\n\t\t\t\t\t\t\t\t\t<p>Monday-Friday<br \/>8:00 AM \u2013 6:00 PM<\/p>\t\t\t\t\t\t\t\t<\/div>\n\t\t\t\t<\/div>\n\t\t\t\t<\/div>\n\t\t\t\t<\/div>\n\t\t\t\t<\/div>\n\t\t\t\t<\/div>\n\t\t\t\t\t<\/div>\n\t\t\t\t<\/div>\n\t\t<div class=\"elementor-element elementor-element-79cd7df e-flex e-con-boxed e-con e-parent\" data-id=\"79cd7df\" data-element_type=\"container\">\n\t\t\t\t\t<div class=\"e-con-inner\">\n\t\t<div class=\"elementor-element elementor-element-3287ea6 e-con-full e-flex e-con e-child\" data-id=\"3287ea6\" data-element_type=\"container\" data-settings=\"{&quot;background_background&quot;:&quot;classic&quot;}\">\n\t\t\t\t<div class=\"elementor-element elementor-element-45581a5 big elementor-widget elementor-widget-heading\" data-id=\"45581a5\" data-element_type=\"widget\" data-widget_type=\"heading.default\">\n\t\t\t\t\t<p class=\"elementor-heading-title elementor-size-default\">Contact Form:<\/p>\t\t\t\t<\/div>\n\t\t\t\t<div class=\"elementor-element elementor-element-fa39e5e elementor-widget elementor-widget-heading\" data-id=\"fa39e5e\" data-element_type=\"widget\" data-widget_type=\"heading.default\">\n\t\t\t\t\t<h3 class=\"elementor-heading-title elementor-size-default\">For detailed information and a quote, please contact us.<\/h3>\t\t\t\t<\/div>\n\t\t\t\t<\/div>\n\t\t<div class=\"elementor-element elementor-element-f2e5ad7 e-con-full e-flex e-con e-child\" data-id=\"f2e5ad7\" data-element_type=\"container\" data-settings=\"{&quot;background_background&quot;:&quot;classic&quot;}\">\n\t\t\t\t<div class=\"elementor-element elementor-element-0da172d elementor-widget elementor-widget-heading\" data-id=\"0da172d\" data-element_type=\"widget\" data-widget_type=\"heading.default\">\n\t\t\t\t\t<h3 class=\"elementor-heading-title elementor-size-default\">Do you have a question? Write to us!<\/h3>\t\t\t\t<\/div>\n\t\t\t\t<div class=\"elementor-element elementor-element-a1b6094 elementor-widget elementor-widget-shortcode\" data-id=\"a1b6094\" data-element_type=\"widget\" data-widget_type=\"shortcode.default\">\n\t\t\t\t\t\t\t<div class=\"elementor-shortcode\">\n<div class=\"wpcf7 no-js\" id=\"wpcf7-f128-o1\" lang=\"en-US\" dir=\"ltr\" data-wpcf7-id=\"128\">\n<div class=\"screen-reader-response\"><p role=\"status\" aria-live=\"polite\" aria-atomic=\"true\"><\/p> <ul><\/ul><\/div>\n<form action=\"\/garden\/en\/wp-json\/wp\/v2\/pages\/45#wpcf7-f128-o1\" method=\"post\" class=\"wpcf7-form init\" aria-label=\"Contact form\" novalidate=\"novalidate\" data-status=\"init\" data-trp-original-action=\"\/garden\/en\/wp-json\/wp\/v2\/pages\/45#wpcf7-f128-o1\">\n<fieldset class=\"hidden-fields-container\"><input type=\"hidden\" name=\"_wpcf7\" value=\"128\" \/><input type=\"hidden\" name=\"_wpcf7_version\" value=\"6.1.4\" \/><input type=\"hidden\" name=\"_wpcf7_locale\" value=\"en_US\" \/><input type=\"hidden\" name=\"_wpcf7_unit_tag\" value=\"wpcf7-f128-o1\" \/><input type=\"hidden\" name=\"_wpcf7_container_post\" value=\"0\" \/><input type=\"hidden\" name=\"_wpcf7_posted_data_hash\" value=\"\" \/>\n<\/fieldset>\n<div class=\"column one\">\n\t<p><span class=\"wpcf7-form-control-wrap\" data-name=\"full-name\"><input size=\"40\" maxlength=\"400\" class=\"wpcf7-form-control wpcf7-text wpcf7-validates-as-required\" id=\"1f21402-your-name\" aria-required=\"true\" aria-invalid=\"false\" placeholder=\"First Name Last Name *\" value=\"\" type=\"text\" name=\"full-name\" \/><\/span>\n\t<\/p>\n<\/div>\n<div class=\"column one\">\n\t<p><span class=\"wpcf7-form-control-wrap\" data-name=\"your-phone\"><input size=\"40\" maxlength=\"400\" class=\"wpcf7-form-control wpcf7-tel wpcf7-validates-as-required wpcf7-text wpcf7-validates-as-tel\" id=\"1f21402-your-phone\" aria-required=\"true\" aria-invalid=\"false\" placeholder=\"Phone*\" value=\"\" type=\"tel\" name=\"your-phone\" \/><\/span>\n\t<\/p>\n<\/div>\n<div class=\"column one\">\n\t<p><span class=\"wpcf7-form-control-wrap\" data-name=\"your-email\"><input size=\"40\" maxlength=\"400\" class=\"wpcf7-form-control wpcf7-email wpcf7-validates-as-required wpcf7-text wpcf7-validates-as-email\" id=\"1f21402-your-email\" aria-required=\"true\" aria-invalid=\"false\" placeholder=\"Email address *\" value=\"\" type=\"email\" name=\"your-email\" \/><\/span>\n\t<\/p>\n<\/div>\n<div class=\"column one\">\n\t<p><span class=\"wpcf7-form-control-wrap\" data-name=\"your-message\"><textarea cols=\"40\" rows=\"6\" maxlength=\"2000\" class=\"wpcf7-form-control wpcf7-textarea\" id=\"1f21402-your-message\" aria-invalid=\"false\" placeholder=\"Your message...\" name=\"your-message\"><\/textarea><\/span>\n\t<\/p>\n<\/div>\n<div class=\"column one\">\n\t<p><input class=\"wpcf7-form-control wpcf7-submit has-spinner\" type=\"submit\" value=\"Send message\" \/>\n\t<\/p>\n<\/div><div class=\"wpcf7-response-output\" aria-hidden=\"true\"><\/div>\n<input type=\"hidden\" name=\"trp-form-language\" value=\"en\"\/><\/form>\n<\/div>\n<\/div>\n\t\t\t\t\t\t<\/div>\n\t\t\t\t<\/div>\n\t\t\t\t\t<\/div>\n\t\t\t\t<\/div>\n\t\t<div class=\"elementor-element elementor-element-455a95b e-flex e-con-boxed e-con e-parent\" data-id=\"455a95b\" data-element_type=\"container\">\n\t\t\t\t\t<div class=\"e-con-inner\">\n\t\t\t\t<div class=\"elementor-element elementor-element-cfc80f2 elementor-view-framed elementor-shape-rounded elementor-widget__width-initial elementor-widget-mobile__width-inherit elementor-position-top elementor-mobile-position-top elementor-widget elementor-widget-icon-box\" data-id=\"cfc80f2\" data-element_type=\"widget\" data-widget_type=\"icon-box.default\">\n\t\t\t\t\t\t\t<div class=\"elementor-icon-box-wrapper\">\n\n\t\t\t\t\t\t<div class=\"elementor-icon-box-icon\">\n\t\t\t\t<span  class=\"elementor-icon\">\n\t\t\t\t<svg xmlns=\"http:\/\/www.w3.org\/2000\/svg\" width=\"23\" height=\"18\" viewbox=\"0 0 23 18\" fill=\"none\"><path d=\"M0 18V12.652C0 11.1334 0.289916 9.58184 0.869747 7.99725C1.44958 6.41265 2.21464 4.91884 3.16492 3.51582C4.1152 2.11279 5.14601 0.940851 6.25735 0L10.7994 2.74828C9.89741 4.20083 9.15651 5.71939 8.57668 7.30399C8.01295 8.88858 7.73109 10.6547 7.73109 12.6025V18H0ZM12.2006 18V12.652C12.2006 11.1334 12.4905 9.58184 13.0704 7.99725C13.6502 6.41265 14.4153 4.91884 15.3655 3.51582C16.3158 2.11279 17.3466 0.940851 18.458 0L23 2.74828C22.098 4.20083 21.3571 5.71939 20.7773 7.30399C20.2136 8.88858 19.9317 10.6547 19.9317 12.6025V18H12.2006Z\" fill=\"#3B5266\"><\/path><\/svg>\t\t\t\t<\/span>\n\t\t\t<\/div>\n\t\t\t\n\t\t\t\t\t\t<div class=\"elementor-icon-box-content\">\n\n\t\t\t\t\t\t\t\t\t<h3 class=\"elementor-icon-box-title\">\n\t\t\t\t\t\t<span  >\n\t\t\t\t\t\t\tWe Care About Your Sleep\t\t\t\t\t\t<\/span>\n\t\t\t\t\t<\/h3>\n\t\t\t\t\n\t\t\t\t\t\t\t\t\t<p class=\"elementor-icon-box-description\">\n\t\t\t\t\t\tWe carefully craft products for a healthy sleep.\t\t\t\t\t<\/p>\n\t\t\t\t\n\t\t\t<\/div>\n\t\t\t\n\t\t<\/div>\n\t\t\t\t\t\t<\/div>\n\t\t\t\t\t<\/div>\n\t\t\t\t<\/div>\n\t\t\t\t<\/div>","protected":false},"excerpt":{"rendered":"<p>\u0130LET\u0130\u015e\u0130M MERAK ETT\u0130\u011e\u0130N\u0130Z NE VARSA YARDIMA HAZIRIZ! Destek Merkezi +90 (352) 322 25 22 info@paffia.com.tr Konumlar\u0131m\u0131z Uyku \u00dcr\u00fcnleri \u00dcretim Tesisi &#8211; Merkez Organize San. B\u00f6l. 20.Cadde<span class=\"excerpt-hellip\"> [\u2026]<\/span><\/p>","protected":false},"author":1,"featured_media":0,"parent":0,"menu_order":0,"comment_status":"open","ping_status":"closed","template":"","meta":{"footnotes":""},"class_list":["post-45","page","type-page","status-publish","hentry"],"_links":{"self":[{"href":"https:\/\/paffia.com.tr\/garden\/en\/wp-json\/wp\/v2\/pages\/45","targetHints":{"allow":["GET"]}}],"collection":[{"href":"https:\/\/paffia.com.tr\/garden\/en\/wp-json\/wp\/v2\/pages"}],"about":[{"href":"https:\/\/paffia.com.tr\/garden\/en\/wp-json\/wp\/v2\/types\/page"}],"author":[{"embeddable":true,"href":"https:\/\/paffia.com.tr\/garden\/en\/wp-json\/wp\/v2\/users\/1"}],"replies":[{"embeddable":true,"href":"https:\/\/paffia.com.tr\/garden\/en\/wp-json\/wp\/v2\/comments?post=45"}],"version-history":[{"count":7,"href":"https:\/\/paffia.com.tr\/garden\/en\/wp-json\/wp\/v2\/pages\/45\/revisions"}],"predecessor-version":[{"id":1073,"href":"https:\/\/paffia.com.tr\/garden\/en\/wp-json\/wp\/v2\/pages\/45\/revisions\/1073"}],"wp:attachment":[{"href":"https:\/\/paffia.com.tr\/garden\/en\/wp-json\/wp\/v2\/media?parent=45"}],"curies":[{"name":"wp","href":"https:\/\/api.w.org\/{rel}","templated":true}]}}