{"id":895,"date":"2025-12-26T10:35:58","date_gmt":"2025-12-26T07:35:58","guid":{"rendered":"https:\/\/paffia.com.tr\/garden\/?post_type=product&#038;p=895"},"modified":"2025-12-26T10:35:59","modified_gmt":"2025-12-26T07:35:59","slug":"milas-3lu-aluminyum-oturma-grubu-kapucino-krem","status":"publish","type":"product","link":"https:\/\/paffia.com.tr\/garden\/es\/producto\/milas-3lu-aluminyum-oturma-grubu-kapucino-krem\/","title":{"rendered":"Milas 3-Piece Aluminum Seating Set \u2013 Cappuccino \u2013 Cream"},"content":{"rendered":"<p>El grupo de asientos de 3 plazas Milas, el miembro m\u00e1s concurrido de la familia Milas, llama la atenci\u00f3n por su dise\u00f1o y sus detalles. Adem\u00e1s, le ofrece mucho espacio habitable.<\/p>\n<p>No deje de consultar las opciones de color y los detalles del chasis y el coj\u00edn.<\/p>","protected":false},"excerpt":{"rendered":"<p>El grupo de asientos de 3 plazas Milas, el miembro m\u00e1s concurrido de la familia Milas, llama la atenci\u00f3n por su dise\u00f1o y sus detalles. Adem\u00e1s, te ofrece mucho espacio habitable. Para chasis y coj\u00edn<span class=\"excerpt-hellip\"> [\u2026]<\/span><\/p>","protected":false},"featured_media":421,"template":"","meta":[],"product_brand":[],"product_cat":[29,35],"product_tag":[],"class_list":{"0":"post-895","1":"product","2":"type-product","3":"status-publish","4":"has-post-thumbnail","6":"product_cat-aluminyum-urunler","7":"product_cat-milas-serisi","9":"first","10":"instock","11":"sold-individually","12":"shipping-taxable","13":"product-type-grouped"},"_links":{"self":[{"href":"https:\/\/paffia.com.tr\/garden\/es\/wp-json\/wp\/v2\/product\/895","targetHints":{"allow":["GET"]}}],"collection":[{"href":"https:\/\/paffia.com.tr\/garden\/es\/wp-json\/wp\/v2\/product"}],"about":[{"href":"https:\/\/paffia.com.tr\/garden\/es\/wp-json\/wp\/v2\/types\/product"}],"version-history":[{"count":1,"href":"https:\/\/paffia.com.tr\/garden\/es\/wp-json\/wp\/v2\/product\/895\/revisions"}],"predecessor-version":[{"id":925,"href":"https:\/\/paffia.com.tr\/garden\/es\/wp-json\/wp\/v2\/product\/895\/revisions\/925"}],"wp:featuredmedia":[{"embeddable":true,"href":"https:\/\/paffia.com.tr\/garden\/es\/wp-json\/wp\/v2\/media\/421"}],"wp:attachment":[{"href":"https:\/\/paffia.com.tr\/garden\/es\/wp-json\/wp\/v2\/media?parent=895"}],"wp:term":[{"taxonomy":"product_brand","embeddable":true,"href":"https:\/\/paffia.com.tr\/garden\/es\/wp-json\/wp\/v2\/product_brand?post=895"},{"taxonomy":"product_cat","embeddable":true,"href":"https:\/\/paffia.com.tr\/garden\/es\/wp-json\/wp\/v2\/product_cat?post=895"},{"taxonomy":"product_tag","embeddable":true,"href":"https:\/\/paffia.com.tr\/garden\/es\/wp-json\/wp\/v2\/product_tag?post=895"}],"curies":[{"name":"wp","href":"https:\/\/api.w.org\/{rel}","templated":true}]}}