{"id":43,"date":"2024-11-20T15:09:30","date_gmt":"2024-11-20T15:09:30","guid":{"rendered":"https:\/\/paffia.com.tr\/garden\/?page_id=43"},"modified":"2025-01-15T10:25:46","modified_gmt":"2025-01-15T10:25:46","slug":"about","status":"publish","type":"page","link":"https:\/\/paffia.com.tr\/garden\/fr\/about\/","title":{"rendered":"\u00c0 propos"},"content":{"rendered":"<div data-elementor-type=\"wp-page\" data-elementor-id=\"43\" class=\"elementor elementor-43\">\n\t\t\t\t<div class=\"elementor-element elementor-element-92d25ce e-con-full e-flex e-con e-parent\" data-id=\"92d25ce\" data-element_type=\"container\">\n\t\t<div class=\"elementor-element elementor-element-89ed709 e-flex e-con-boxed e-con e-child\" data-id=\"89ed709\" data-element_type=\"container\" data-settings=\"{&quot;background_background&quot;:&quot;classic&quot;}\">\n\t\t\t\t\t<div class=\"e-con-inner\">\n\t\t\t\t<div class=\"elementor-element elementor-element-e951ddb elementor-widget__width-auto elementor-widget elementor-widget-heading\" data-id=\"e951ddb\" data-element_type=\"widget\" data-widget_type=\"heading.default\">\n\t\t\t\t\t<p class=\"elementor-heading-title elementor-size-default\">\u00c0 propos<\/p>\t\t\t\t<\/div>\n\t\t\t\t<div class=\"elementor-element elementor-element-d22c2fd elementor-widget__width-initial elementor-widget-mobile__width-inherit elementor-widget-tablet__width-inherit elementor-widget elementor-widget-heading\" data-id=\"d22c2fd\" data-element_type=\"widget\" data-widget_type=\"heading.default\">\n\t\t\t\t\t<h2 class=\"elementor-heading-title elementor-size-default\">Notre boutique est d'une qualit\u00e9 irr\u00e9prochable et propose les meilleurs produits du monde entier. <\/h2>\t\t\t\t<\/div>\n\t\t\t\t\t<\/div>\n\t\t\t\t<\/div>\n\t\t\t\t<\/div>\n\t\t<div class=\"elementor-element elementor-element-931c95c e-con-full e-flex e-con e-parent\" data-id=\"931c95c\" data-element_type=\"container\">\n\t\t<div class=\"elementor-element elementor-element-c25e88b e-flex e-con-boxed e-con e-child\" data-id=\"c25e88b\" data-element_type=\"container\" data-settings=\"{&quot;background_background&quot;:&quot;classic&quot;}\">\n\t\t\t\t\t<div class=\"e-con-inner\">\n\t\t\t\t<div class=\"elementor-element elementor-element-9248b3e elementor-widget__width-initial elementor-widget-mobile__width-inherit elementor-widget elementor-widget-heading\" data-id=\"9248b3e\" data-element_type=\"widget\" data-widget_type=\"heading.default\">\n\t\t\t\t\t<h3 class=\"elementor-heading-title elementor-size-default\">Les wireframes sont cr\u00e9\u00e9s dans le but de disposer les \u00e9l\u00e9ments de mani\u00e8re \u00e0 atteindre au mieux un objectif particulier. <\/h3>\t\t\t\t<\/div>\n\t\t\t\t<div class=\"elementor-element elementor-element-4f9aef4 elementor-widget__width-initial elementor-widget-mobile__width-inherit elementor-widget elementor-widget-text-editor\" data-id=\"4f9aef4\" data-element_type=\"widget\" data-widget_type=\"text-editor.default\">\n\t\t\t\t\t\t\t\t\t<p>En cr\u00e9ant un guide visuel tout au long du processus, le concepteur ou le d\u00e9veloppeur peut obtenir l'avis des autres personnes impliqu\u00e9es dans le site web, telles que le client, son responsable et les autres membres de l'\u00e9quipe.<\/p><p>En cr\u00e9ant un guide visuel tout au long du processus, le concepteur ou le d\u00e9veloppeur peut obtenir l'avis des autres personnes impliqu\u00e9es dans le site web, telles que le client, son responsable et les autres membres de l'\u00e9quipe.<\/p>\t\t\t\t\t\t\t\t<\/div>\n\t\t\t\t\t<\/div>\n\t\t\t\t<\/div>\n\t\t<div class=\"elementor-element elementor-element-5ad3c22 e-flex e-con-boxed e-con e-child\" data-id=\"5ad3c22\" data-element_type=\"container\" data-settings=\"{&quot;background_background&quot;:&quot;classic&quot;}\">\n\t\t\t\t\t<div class=\"e-con-inner\">\n\t\t<div class=\"elementor-element elementor-element-5fccbf6 e-con-full e-flex e-con e-child\" data-id=\"5fccbf6\" data-element_type=\"container\" data-settings=\"{&quot;background_background&quot;:&quot;classic&quot;}\">\n\t\t\t\t<div class=\"elementor-element elementor-element-f1e511d elementor-position-left elementor-view-default elementor-mobile-position-top elementor-widget elementor-widget-icon-box\" data-id=\"f1e511d\" data-element_type=\"widget\" data-widget_type=\"icon-box.default\">\n\t\t\t\t\t\t\t<div class=\"elementor-icon-box-wrapper\">\n\n\t\t\t\t\t\t<div class=\"elementor-icon-box-icon\">\n\t\t\t\t<span  class=\"elementor-icon\">\n\t\t\t\t<svg xmlns=\"http:\/\/www.w3.org\/2000\/svg\" width=\"16\" height=\"32\" viewbox=\"0 0 16 32\" fill=\"none\"><path d=\"M0 8C0 3.58172 3.58172 0 8 0C12.4183 0 16 3.58172 16 8V16H0V8Z\" fill=\"#83A667\"><\/path><path d=\"M0 16H16V24C16 28.4183 12.4183 32 8 32C3.58172 32 0 28.4183 0 24V16Z\" fill=\"#F5F5F4\"><\/path><\/svg>\t\t\t\t<\/span>\n\t\t\t<\/div>\n\t\t\t\n\t\t\t\t\t\t<div class=\"elementor-icon-box-content\">\n\n\t\t\t\t\t\t\t\t\t<p class=\"elementor-icon-box-title\">\n\t\t\t\t\t\t<span  >\n\t\t\t\t\t\t\t01\t\t\t\t\t\t<\/span>\n\t\t\t\t\t<\/p>\n\t\t\t\t\n\t\t\t\t\t\t\t\t\t<p class=\"elementor-icon-box-description\">\n\t\t\t\t\t\tEn cr\u00e9ant un guide visuel tout au long du processus, le concepteur ou le d\u00e9veloppeur peut obtenir l'avis des autres personnes impliqu\u00e9es dans le site web, telles que le client, son responsable et les autres membres de l'\u00e9quipe.\t\t\t\t\t<\/p>\n\t\t\t\t\n\t\t\t<\/div>\n\t\t\t\n\t\t<\/div>\n\t\t\t\t\t\t<\/div>\n\t\t\t\t<div class=\"elementor-element elementor-element-d686644 elementor-widget elementor-widget-heading\" data-id=\"d686644\" data-element_type=\"widget\" data-widget_type=\"heading.default\">\n\t\t\t\t\t<p class=\"elementor-heading-title elementor-size-default\">En cr\u00e9ant un guide visuel tout au long du parcours<\/p>\t\t\t\t<\/div>\n\t\t\t\t<\/div>\n\t\t<div class=\"elementor-element elementor-element-d3bdb83 e-con-full e-flex e-con e-child\" data-id=\"d3bdb83\" data-element_type=\"container\" data-settings=\"{&quot;background_background&quot;:&quot;classic&quot;}\">\n\t\t\t\t<div class=\"elementor-element elementor-element-d6621cc elementor-position-left elementor-view-default elementor-mobile-position-top elementor-widget elementor-widget-icon-box\" data-id=\"d6621cc\" data-element_type=\"widget\" data-widget_type=\"icon-box.default\">\n\t\t\t\t\t\t\t<div class=\"elementor-icon-box-wrapper\">\n\n\t\t\t\t\t\t<div class=\"elementor-icon-box-icon\">\n\t\t\t\t<span  class=\"elementor-icon\">\n\t\t\t\t<svg xmlns=\"http:\/\/www.w3.org\/2000\/svg\" width=\"16\" height=\"32\" viewbox=\"0 0 16 32\" fill=\"none\"><path d=\"M0 8C0 3.58172 3.58172 0 8 0C12.4183 0 16 3.58172 16 8V16H0V8Z\" fill=\"#83A667\"><\/path><path d=\"M0 16H16V24C16 28.4183 12.4183 32 8 32C3.58172 32 0 28.4183 0 24V16Z\" fill=\"#F5F5F4\"><\/path><\/svg>\t\t\t\t<\/span>\n\t\t\t<\/div>\n\t\t\t\n\t\t\t\t\t\t<div class=\"elementor-icon-box-content\">\n\n\t\t\t\t\t\t\t\t\t<p class=\"elementor-icon-box-title\">\n\t\t\t\t\t\t<span  >\n\t\t\t\t\t\t\t02\t\t\t\t\t\t<\/span>\n\t\t\t\t\t<\/p>\n\t\t\t\t\n\t\t\t\t\t\t\t\t\t<p class=\"elementor-icon-box-description\">\n\t\t\t\t\t\tEn cr\u00e9ant un guide visuel tout au long du processus, le concepteur ou le d\u00e9veloppeur peut obtenir l'avis des autres personnes impliqu\u00e9es dans le site web, telles que le client, son responsable et les autres membres de l'\u00e9quipe.\t\t\t\t\t<\/p>\n\t\t\t\t\n\t\t\t<\/div>\n\t\t\t\n\t\t<\/div>\n\t\t\t\t\t\t<\/div>\n\t\t\t\t<div class=\"elementor-element elementor-element-b2d8536 elementor-widget elementor-widget-heading\" data-id=\"b2d8536\" data-element_type=\"widget\" data-widget_type=\"heading.default\">\n\t\t\t\t\t<p class=\"elementor-heading-title elementor-size-default\">En cr\u00e9ant un guide visuel tout au long du parcours<\/p>\t\t\t\t<\/div>\n\t\t\t\t<\/div>\n\t\t<div class=\"elementor-element elementor-element-58aa59d e-con-full e-flex e-con e-child\" data-id=\"58aa59d\" data-element_type=\"container\" data-settings=\"{&quot;background_background&quot;:&quot;classic&quot;}\">\n\t\t\t\t<div class=\"elementor-element elementor-element-087d10a elementor-position-left elementor-view-default elementor-mobile-position-top elementor-widget elementor-widget-icon-box\" data-id=\"087d10a\" data-element_type=\"widget\" data-widget_type=\"icon-box.default\">\n\t\t\t\t\t\t\t<div class=\"elementor-icon-box-wrapper\">\n\n\t\t\t\t\t\t<div class=\"elementor-icon-box-icon\">\n\t\t\t\t<span  class=\"elementor-icon\">\n\t\t\t\t<svg xmlns=\"http:\/\/www.w3.org\/2000\/svg\" width=\"16\" height=\"32\" viewbox=\"0 0 16 32\" fill=\"none\"><path d=\"M0 8C0 3.58172 3.58172 0 8 0C12.4183 0 16 3.58172 16 8V16H0V8Z\" fill=\"#83A667\"><\/path><path d=\"M0 16H16V24C16 28.4183 12.4183 32 8 32C3.58172 32 0 28.4183 0 24V16Z\" fill=\"#F5F5F4\"><\/path><\/svg>\t\t\t\t<\/span>\n\t\t\t<\/div>\n\t\t\t\n\t\t\t\t\t\t<div class=\"elementor-icon-box-content\">\n\n\t\t\t\t\t\t\t\t\t<p class=\"elementor-icon-box-title\">\n\t\t\t\t\t\t<span  >\n\t\t\t\t\t\t\t03\t\t\t\t\t\t<\/span>\n\t\t\t\t\t<\/p>\n\t\t\t\t\n\t\t\t\t\t\t\t\t\t<p class=\"elementor-icon-box-description\">\n\t\t\t\t\t\tEn cr\u00e9ant un guide visuel tout au long du processus, le concepteur ou le d\u00e9veloppeur peut obtenir l'avis des autres personnes impliqu\u00e9es dans le site web, telles que le client, son responsable et les autres membres de l'\u00e9quipe.\t\t\t\t\t<\/p>\n\t\t\t\t\n\t\t\t<\/div>\n\t\t\t\n\t\t<\/div>\n\t\t\t\t\t\t<\/div>\n\t\t\t\t<div class=\"elementor-element elementor-element-3e4af2d elementor-widget elementor-widget-heading\" data-id=\"3e4af2d\" data-element_type=\"widget\" data-widget_type=\"heading.default\">\n\t\t\t\t\t<p class=\"elementor-heading-title elementor-size-default\">En cr\u00e9ant un guide visuel tout au long du parcours<\/p>\t\t\t\t<\/div>\n\t\t\t\t<\/div>\n\t\t<div class=\"elementor-element elementor-element-d976fae e-con-full e-flex e-con e-child\" data-id=\"d976fae\" data-element_type=\"container\" data-settings=\"{&quot;background_background&quot;:&quot;classic&quot;}\">\n\t\t\t\t<div class=\"elementor-element elementor-element-fd4e16e elementor-position-left elementor-view-default elementor-mobile-position-top elementor-widget elementor-widget-icon-box\" data-id=\"fd4e16e\" data-element_type=\"widget\" data-widget_type=\"icon-box.default\">\n\t\t\t\t\t\t\t<div class=\"elementor-icon-box-wrapper\">\n\n\t\t\t\t\t\t<div class=\"elementor-icon-box-icon\">\n\t\t\t\t<span  class=\"elementor-icon\">\n\t\t\t\t<svg xmlns=\"http:\/\/www.w3.org\/2000\/svg\" width=\"16\" height=\"32\" viewbox=\"0 0 16 32\" fill=\"none\"><path d=\"M0 8C0 3.58172 3.58172 0 8 0C12.4183 0 16 3.58172 16 8V16H0V8Z\" fill=\"#83A667\"><\/path><path d=\"M0 16H16V24C16 28.4183 12.4183 32 8 32C3.58172 32 0 28.4183 0 24V16Z\" fill=\"#F5F5F4\"><\/path><\/svg>\t\t\t\t<\/span>\n\t\t\t<\/div>\n\t\t\t\n\t\t\t\t\t\t<div class=\"elementor-icon-box-content\">\n\n\t\t\t\t\t\t\t\t\t<p class=\"elementor-icon-box-title\">\n\t\t\t\t\t\t<span  >\n\t\t\t\t\t\t\t04\t\t\t\t\t\t<\/span>\n\t\t\t\t\t<\/p>\n\t\t\t\t\n\t\t\t\t\t\t\t\t\t<p class=\"elementor-icon-box-description\">\n\t\t\t\t\t\tEn cr\u00e9ant un guide visuel tout au long du processus, le concepteur ou le d\u00e9veloppeur peut obtenir l'avis des autres personnes impliqu\u00e9es dans le site web, telles que le client, son responsable et les autres membres de l'\u00e9quipe.\t\t\t\t\t<\/p>\n\t\t\t\t\n\t\t\t<\/div>\n\t\t\t\n\t\t<\/div>\n\t\t\t\t\t\t<\/div>\n\t\t\t\t<div class=\"elementor-element elementor-element-3d51103 elementor-widget elementor-widget-heading\" data-id=\"3d51103\" data-element_type=\"widget\" data-widget_type=\"heading.default\">\n\t\t\t\t\t<p class=\"elementor-heading-title elementor-size-default\">En cr\u00e9ant un guide visuel tout au long du parcours<\/p>\t\t\t\t<\/div>\n\t\t\t\t<\/div>\n\t\t\t\t\t<\/div>\n\t\t\t\t<\/div>\n\t\t\t\t<\/div>\n\t\t<div class=\"elementor-element elementor-element-df8628f e-con-full e-flex e-con e-parent\" data-id=\"df8628f\" data-element_type=\"container\">\n\t\t<div class=\"elementor-element elementor-element-5e3ea75 e-flex e-con-boxed e-con e-child\" data-id=\"5e3ea75\" data-element_type=\"container\" data-settings=\"{&quot;background_background&quot;:&quot;classic&quot;}\">\n\t\t\t\t\t<div class=\"e-con-inner\">\n\t\t\t\t<div class=\"elementor-element elementor-element-07d7dc1 elementor-view-framed elementor-shape-rounded elementor-widget__width-initial elementor-widget-mobile__width-inherit elementor-widget-tablet__width-inherit elementor-position-top elementor-mobile-position-top elementor-widget elementor-widget-icon-box\" data-id=\"07d7dc1\" data-element_type=\"widget\" data-widget_type=\"icon-box.default\">\n\t\t\t\t\t\t\t<div class=\"elementor-icon-box-wrapper\">\n\n\t\t\t\t\t\t<div class=\"elementor-icon-box-icon\">\n\t\t\t\t<span  class=\"elementor-icon\">\n\t\t\t\t<svg xmlns=\"http:\/\/www.w3.org\/2000\/svg\" width=\"23\" height=\"18\" viewbox=\"0 0 23 18\" fill=\"none\"><path d=\"M0 18V12.652C0 11.1334 0.289916 9.58184 0.869747 7.99725C1.44958 6.41265 2.21464 4.91884 3.16492 3.51582C4.1152 2.11279 5.14601 0.940851 6.25735 0L10.7994 2.74828C9.89741 4.20083 9.15651 5.71939 8.57668 7.30399C8.01295 8.88858 7.73109 10.6547 7.73109 12.6025V18H0ZM12.2006 18V12.652C12.2006 11.1334 12.4905 9.58184 13.0704 7.99725C13.6502 6.41265 14.4153 4.91884 15.3655 3.51582C16.3158 2.11279 17.3466 0.940851 18.458 0L23 2.74828C22.098 4.20083 21.3571 5.71939 20.7773 7.30399C20.2136 8.88858 19.9317 10.6547 19.9317 12.6025V18H12.2006Z\" fill=\"#3B5266\"><\/path><\/svg>\t\t\t\t<\/span>\n\t\t\t<\/div>\n\t\t\t\n\t\t\t\t\t\t<div class=\"elementor-icon-box-content\">\n\n\t\t\t\t\t\t\t\t\t<h3 class=\"elementor-icon-box-title\">\n\t\t\t\t\t\t<span  >\n\t\t\t\t\t\t\tLorsque les concepteurs effectuent des tests, ils testent la conception et non l'utilisateur. En outre, chaque conception \u00e9volue. Les concepteurs effectuent des tests de convivialit\u00e9 \u00e0 chaque \u00e9tape du processus de conception.\t\t\t\t\t\t<\/span>\n\t\t\t\t\t<\/h3>\n\t\t\t\t\n\t\t\t\t\t\t\t\t\t<p class=\"elementor-icon-box-description\">\n\t\t\t\t\t\tLe respect de ces lignes directrices permettra\t\t\t\t\t<\/p>\n\t\t\t\t\n\t\t\t<\/div>\n\t\t\t\n\t\t<\/div>\n\t\t\t\t\t\t<\/div>\n\t\t\t\t<div class=\"elementor-element elementor-element-f5e5684 elementor-widget elementor-widget-image\" data-id=\"f5e5684\" data-element_type=\"widget\" data-widget_type=\"image.default\">\n\t\t\t\t\t\t\t\t\t\t\t\t\t\t\t<img fetchpriority=\"high\" decoding=\"async\" width=\"779\" height=\"143\" src=\"https:\/\/paffia.com.tr\/garden\/wp-content\/uploads\/2024\/12\/computershop2-about-pci1.webp\" class=\"attachment-large size-large wp-image-123\" alt=\"\" \/>\t\t\t\t\t\t\t\t\t\t\t\t\t\t\t<\/div>\n\t\t\t\t\t<\/div>\n\t\t\t\t<\/div>\n\t\t\t\t<\/div>\n\t\t<div class=\"elementor-element elementor-element-55a79ee e-con-full e-flex e-con e-parent\" data-id=\"55a79ee\" data-element_type=\"container\">\n\t\t<div class=\"elementor-element elementor-element-b01b5b4 e-flex e-con-boxed e-con e-child\" data-id=\"b01b5b4\" data-element_type=\"container\" data-settings=\"{&quot;background_background&quot;:&quot;classic&quot;}\">\n\t\t\t\t\t<div class=\"e-con-inner\">\n\t\t<div class=\"elementor-element elementor-element-555e491 e-con-full e-flex e-con e-child\" data-id=\"555e491\" data-element_type=\"container\">\n\t\t\t\t<div class=\"elementor-element elementor-element-11ab3b4 elementor-widget-tablet__width-inherit elementor-widget elementor-widget-heading\" data-id=\"11ab3b4\" data-element_type=\"widget\" data-widget_type=\"heading.default\">\n\t\t\t\t\t<h2 class=\"elementor-heading-title elementor-size-default\">Technologie<br>\npour <span style=\"color:#83A667\">tout le monde<\/span><\/h2>\t\t\t\t<\/div>\n\t\t\t\t<div class=\"elementor-element elementor-element-ad51518 elementor-widget-tablet__width-initial elementor-widget-mobile__width-inherit elementor-widget elementor-widget-counter\" data-id=\"ad51518\" data-element_type=\"widget\" data-widget_type=\"counter.default\">\n\t\t\t\t\t\t\t<div class=\"elementor-counter\">\n\t\t\t<p class=\"elementor-counter-title\">Les lignes directrices pour l'accessibilit\u00e9 des contenus web 2.0 couvrent un large \u00e9ventail de recommandations visant \u00e0 rendre les contenus web plus accessibles.<\/p>\t\t\t<div class=\"elementor-counter-number-wrapper\">\n\t\t\t\t<span class=\"elementor-counter-number-prefix\"><\/span>\n\t\t\t\t<span class=\"elementor-counter-number\" data-duration=\"2000\" data-to-value=\"600\" data-from-value=\"0\" data-delimiter=\",\">0<\/span>\n\t\t\t\t<span class=\"elementor-counter-number-suffix\">+<\/span>\n\t\t\t<\/div>\n\t\t<\/div>\n\t\t\t\t\t\t<\/div>\n\t\t\t\t<div class=\"elementor-element elementor-element-52278ff elementor-widget-tablet__width-initial elementor-widget-mobile__width-inherit elementor-widget elementor-widget-counter\" data-id=\"52278ff\" data-element_type=\"widget\" data-widget_type=\"counter.default\">\n\t\t\t\t\t\t\t<div class=\"elementor-counter\">\n\t\t\t<p class=\"elementor-counter-title\">Les lignes directrices pour l'accessibilit\u00e9 des contenus web 2.0 couvrent un large \u00e9ventail de recommandations visant \u00e0 rendre les contenus web plus accessibles.<\/p>\t\t\t<div class=\"elementor-counter-number-wrapper\">\n\t\t\t\t<span class=\"elementor-counter-number-prefix\"><\/span>\n\t\t\t\t<span class=\"elementor-counter-number\" data-duration=\"2000\" data-to-value=\"12000\" data-from-value=\"0\" data-delimiter=\" \">0<\/span>\n\t\t\t\t<span class=\"elementor-counter-number-suffix\">+<\/span>\n\t\t\t<\/div>\n\t\t<\/div>\n\t\t\t\t\t\t<\/div>\n\t\t\t\t<div class=\"elementor-element elementor-element-51f8804 elementor-widget-tablet__width-initial elementor-widget-mobile__width-inherit elementor-widget elementor-widget-counter\" data-id=\"51f8804\" data-element_type=\"widget\" data-widget_type=\"counter.default\">\n\t\t\t\t\t\t\t<div class=\"elementor-counter\">\n\t\t\t<p class=\"elementor-counter-title\">Les lignes directrices pour l'accessibilit\u00e9 des contenus web 2.0 couvrent un large \u00e9ventail de recommandations visant \u00e0 rendre les contenus web plus accessibles.<\/p>\t\t\t<div class=\"elementor-counter-number-wrapper\">\n\t\t\t\t<span class=\"elementor-counter-number-prefix\"><\/span>\n\t\t\t\t<span class=\"elementor-counter-number\" data-duration=\"2000\" data-to-value=\"998\" data-from-value=\"0\" data-delimiter=\" \">0<\/span>\n\t\t\t\t<span class=\"elementor-counter-number-suffix\">+<\/span>\n\t\t\t<\/div>\n\t\t<\/div>\n\t\t\t\t\t\t<\/div>\n\t\t\t\t<div class=\"elementor-element elementor-element-eb4b392 elementor-widget-tablet__width-initial elementor-widget-mobile__width-inherit elementor-widget elementor-widget-counter\" data-id=\"eb4b392\" data-element_type=\"widget\" data-widget_type=\"counter.default\">\n\t\t\t\t\t\t\t<div class=\"elementor-counter\">\n\t\t\t<p class=\"elementor-counter-title\">Les lignes directrices pour l'accessibilit\u00e9 des contenus web 2.0 couvrent un large \u00e9ventail de recommandations visant \u00e0 rendre les contenus web plus accessibles.<\/p>\t\t\t<div class=\"elementor-counter-number-wrapper\">\n\t\t\t\t<span class=\"elementor-counter-number-prefix\"><\/span>\n\t\t\t\t<span class=\"elementor-counter-number\" data-duration=\"2000\" data-to-value=\"12\" data-from-value=\"0\" data-delimiter=\" \">0<\/span>\n\t\t\t\t<span class=\"elementor-counter-number-suffix\">M<\/span>\n\t\t\t<\/div>\n\t\t<\/div>\n\t\t\t\t\t\t<\/div>\n\t\t\t\t<\/div>\n\t\t<div class=\"elementor-element elementor-element-bba89cb e-con-full e-flex e-con e-child\" data-id=\"bba89cb\" data-element_type=\"container\">\n\t\t\t\t<div class=\"elementor-element elementor-element-412d1d9 elementor-widget elementor-widget-image\" data-id=\"412d1d9\" data-element_type=\"widget\" data-widget_type=\"image.default\">\n\t\t\t\t\t\t\t\t\t\t\t\t\t\t\t<img decoding=\"async\" width=\"780\" height=\"780\" src=\"https:\/\/paffia.com.tr\/garden\/wp-content\/uploads\/2024\/11\/computershop2-home-pic6.webp\" class=\"attachment-large size-large wp-image-115\" alt=\"\" srcset=\"https:\/\/paffia.com.tr\/garden\/wp-content\/uploads\/2024\/11\/computershop2-home-pic6.webp 780w, https:\/\/paffia.com.tr\/garden\/wp-content\/uploads\/2024\/11\/computershop2-home-pic6-300x300.webp 300w\" sizes=\"(max-width:767px) 700px, (max-width:780px) 100vw, 780px\" \/>\t\t\t\t\t\t\t\t\t\t\t\t\t\t\t<\/div>\n\t\t\t\t<\/div>\n\t\t\t\t\t<\/div>\n\t\t\t\t<\/div>\n\t\t\t\t<\/div>\n\t\t<div class=\"elementor-element elementor-element-a100265 e-con-full e-flex e-con e-parent\" data-id=\"a100265\" data-element_type=\"container\">\n\t\t<div class=\"elementor-element elementor-element-063d7fb e-flex e-con-boxed e-con e-child\" data-id=\"063d7fb\" data-element_type=\"container\" data-settings=\"{&quot;background_background&quot;:&quot;classic&quot;}\">\n\t\t\t\t\t<div class=\"e-con-inner\">\n\t\t\t\t<div class=\"elementor-element elementor-element-64a8053 elementor-widget elementor-widget-image\" data-id=\"64a8053\" data-element_type=\"widget\" data-widget_type=\"image.default\">\n\t\t\t\t\t\t\t\t\t\t\t\t\t\t\t<img decoding=\"async\" width=\"100\" height=\"100\" src=\"https:\/\/paffia.com.tr\/garden\/wp-content\/uploads\/2024\/11\/computershop2-home-icon5.svg\" class=\"attachment-large size-large wp-image-100\" alt=\"\" \/>\t\t\t\t\t\t\t\t\t\t\t\t\t\t\t<\/div>\n\t\t\t\t<div class=\"elementor-element elementor-element-9b0013c elementor-widget elementor-widget-heading\" data-id=\"9b0013c\" data-element_type=\"widget\" data-widget_type=\"heading.default\">\n\t\t\t\t\t<h2 class=\"elementor-heading-title elementor-size-default\">S'inscrire \u00e0 notre lettre d'information<\/h2>\t\t\t\t<\/div>\n\t\t\t\t<div class=\"elementor-element elementor-element-795c87a elementor-widget__width-initial elementor-widget-mobile__width-inherit elementor-widget elementor-widget-text-editor\" data-id=\"795c87a\" data-element_type=\"widget\" data-widget_type=\"text-editor.default\">\n\t\t\t\t\t\t\t\t\t<p>Ses branches tentaculaires fournissent ombre et abri, ses racines t\u00e9moignent de l'endurance et de la stabilit\u00e9, la nuit, avec son obscurit\u00e9 de velours et ses \u00e9toiles scintillantes.<\/p>\t\t\t\t\t\t\t\t<\/div>\n\t\t\t\t<div class=\"elementor-element elementor-element-080e075 elementor-widget-tablet__width-initial elementor-widget-mobile__width-inherit elementor-widget elementor-widget-shortcode\" data-id=\"080e075\" data-element_type=\"widget\" data-widget_type=\"shortcode.default\">\n\t\t\t\t\t\t\t<div class=\"elementor-shortcode\">\n<div class=\"wpcf7 no-js\" id=\"wpcf7-f101-o1\" lang=\"en-US\" dir=\"ltr\" data-wpcf7-id=\"101\">\n<div class=\"screen-reader-response\"><p role=\"status\" aria-live=\"polite\" aria-atomic=\"true\"><\/p> <ul><\/ul><\/div>\n<form action=\"\/garden\/fr\/wp-json\/wp\/v2\/pages\/43#wpcf7-f101-o1\" method=\"post\" class=\"wpcf7-form init\" aria-label=\"Contact form\" novalidate=\"novalidate\" data-status=\"init\" data-trp-original-action=\"\/garden\/fr\/wp-json\/wp\/v2\/pages\/43#wpcf7-f101-o1\">\n<fieldset class=\"hidden-fields-container\"><input type=\"hidden\" name=\"_wpcf7\" value=\"101\" \/><input type=\"hidden\" name=\"_wpcf7_version\" value=\"6.1.4\" \/><input type=\"hidden\" name=\"_wpcf7_locale\" value=\"en_US\" \/><input type=\"hidden\" name=\"_wpcf7_unit_tag\" value=\"wpcf7-f101-o1\" \/><input type=\"hidden\" name=\"_wpcf7_container_post\" value=\"0\" \/><input type=\"hidden\" name=\"_wpcf7_posted_data_hash\" value=\"\" \/>\n<\/fieldset>\n<div class=\"column two-third\">\n\t<p><span class=\"wpcf7-form-control-wrap\" data-name=\"your-email\"><input size=\"40\" maxlength=\"400\" class=\"wpcf7-form-control wpcf7-email wpcf7-validates-as-required wpcf7-text wpcf7-validates-as-email\" id=\"18cf026-your-email\" aria-required=\"true\" aria-invalid=\"false\" placeholder=\"Tapez votre email\" value=\"\" type=\"email\" name=\"your-email\" \/><\/span>\n\t<\/p>\n<\/div>\n<div class=\"column one-third\">\n\t<p><input class=\"wpcf7-form-control wpcf7-submit has-spinner button_full_width\" type=\"submit\" value=\"S&#039;abonner\" \/>\n\t<\/p>\n<\/div><div class=\"wpcf7-response-output\" aria-hidden=\"true\"><\/div>\n<input type=\"hidden\" name=\"trp-form-language\" value=\"fr\"\/><\/form>\n<\/div>\n<\/div>\n\t\t\t\t\t\t<\/div>\n\t\t\t\t<div class=\"elementor-element elementor-element-114ea09 elementor-widget elementor-widget-text-editor\" data-id=\"114ea09\" data-element_type=\"widget\" data-widget_type=\"text-editor.default\">\n\t\t\t\t\t\t\t\t\t<p>B\u00e9n\u00e9ficiez d'une r\u00e9duction 10% lors de votre prochain achat<\/p>\t\t\t\t\t\t\t\t<\/div>\n\t\t\t\t\t<\/div>\n\t\t\t\t<\/div>\n\t\t\t\t<\/div>\n\t\t\t\t<\/div>","protected":false},"excerpt":{"rendered":"<p>About Our shop is top quality and have greatest products on all over the world Wireframes are created for the purpose of arranging elements to best<span class=\"excerpt-hellip\"> [\u2026]<\/span><\/p>","protected":false},"author":1,"featured_media":0,"parent":0,"menu_order":0,"comment_status":"open","ping_status":"closed","template":"","meta":{"footnotes":""},"class_list":["post-43","page","type-page","status-publish","hentry"],"_links":{"self":[{"href":"https:\/\/paffia.com.tr\/garden\/fr\/wp-json\/wp\/v2\/pages\/43","targetHints":{"allow":["GET"]}}],"collection":[{"href":"https:\/\/paffia.com.tr\/garden\/fr\/wp-json\/wp\/v2\/pages"}],"about":[{"href":"https:\/\/paffia.com.tr\/garden\/fr\/wp-json\/wp\/v2\/types\/page"}],"author":[{"embeddable":true,"href":"https:\/\/paffia.com.tr\/garden\/fr\/wp-json\/wp\/v2\/users\/1"}],"replies":[{"embeddable":true,"href":"https:\/\/paffia.com.tr\/garden\/fr\/wp-json\/wp\/v2\/comments?post=43"}],"version-history":[{"count":0,"href":"https:\/\/paffia.com.tr\/garden\/fr\/wp-json\/wp\/v2\/pages\/43\/revisions"}],"wp:attachment":[{"href":"https:\/\/paffia.com.tr\/garden\/fr\/wp-json\/wp\/v2\/media?parent=43"}],"curies":[{"name":"wp","href":"https:\/\/api.w.org\/{rel}","templated":true}]}}